{"id":767,"date":"2018-09-21T15:38:49","date_gmt":"2018-09-21T14:38:49","guid":{"rendered":"https:\/\/xrcb.cat\/ca\/?page_id=767"},"modified":"2020-07-26T20:26:01","modified_gmt":"2020-07-26T19:26:01","slug":"politica-de-privadesa","status":"publish","type":"page","link":"https:\/\/xrclab.cat\/es\/politica-de-privadesa\/","title":{"rendered":"Pol\u00edtica de privacidad"},"content":{"rendered":"<h2>Quienes somos<\/h2>\n<p>Desde el 2010, la\u00a0<strong>asociaci\u00f3n para\u00a0 la Expansi\u00f3n de la Xarxa Oberta (eXO)<\/strong> aglutina colectivos, entidades, empresas y personas con el objetivo de promover las redes de telecomunicaciones abiertas, libres y neutrales, el fomento del conocimiento de las tecnolog\u00edas de la comunicaci\u00f3n y la informaci\u00f3n, as\u00ed como la promoci\u00f3n de comunidades de usuarios y usuarias solidarias sobre una base territorial i vecinal.<\/p>\n<p>La asociaci\u00f3n eXO est\u00e1 profundamente vinculada al proyecto\u00a0<strong><a href=\"http:\/\/www.guifi.net\" target=\"_blank\" rel=\"noopener noreferrer\">Guifi.net<\/a><\/strong>\u00a0y se rige por los mismos principios que este. Tambi\u00e9n colabora con la <strong><a href=\"https:\/\/fundacio.guifi.net\/\" target=\"_blank\" rel=\"noopener noreferrer\">Fundaci\u00f3 per la Xarxa Oberta, Lliure i Neutral Guifi.Net.<\/a><\/strong><\/p>\n<p><strong>La asociaci\u00f3n eXO est\u00e1 legalmente inscrita en el Registro de Asociaciones de la Generalitat de Catalunya, Barcelona, Secci\u00f3n 1a, N\u00fam 42364 y en el Registro de Operadores de Telecomunicaciones bajo el expediente 2011\/1440<\/strong><\/p>\n<p>M\u00e1s informaci\u00f3n: <a href=\"https:\/\/exo.cat\/lassociacio\/\">https:\/\/xrcb.cat.<\/a><\/p>\n<h2>Qu\u00e9 datos personales recogemos y por qu\u00e9<\/h2>\n<p><strong>Datos de las radios dadas de alta<\/strong><br \/>\nPara las radios registradas en la web almacenamos la informaci\u00f3n que proporcionan en su perfil de usuario. Todos los usuarios pueden ver, editar o suprimir su informaci\u00f3n en cualquier momento (excepto que no pueden cambiar su nombre de usuario). Los administradores del sitio web pueden tambi\u00e9n editar esta informaci\u00f3n.<\/p>\n<p><strong>Media<\/strong><br \/>\nSi sub\u00eds im\u00e1genes al sitio web, deb\u00e9is evitar aquellas que incluyan datos de geolocalizaci\u00f3n (EXIF GPS) incrustadas. Los visitantes del sitio web pueden descargar y extraer cualquier informaci\u00f3n de las im\u00e1genes de la web.<\/p>\n<p><strong>Cookies<\/strong><br \/>\nCuando una radio usuaria inicia sesi\u00f3n se configurar\u00e1n diversas cookies para guardar la informaci\u00f3n de inicio de sesi\u00f3n y las opciones de visualizaci\u00f3n de la pantalla. Las cookies de inicio de sesi\u00f3n duran dos d\u00edas, y las cookies de las opciones de pantalla duran un a\u00f1o. Si seleccion\u00e1is \u201cRecordarme\u201d, el inicio de sesi\u00f3n persistir\u00e1 durante dos semanas. Al finalizar la sesi\u00f3n, las cookies de inicio ser\u00e1n suprimidas.<\/p>\n<p>Al dar de alta una radio o al publicar un podcast, una cookie adicional se guardar\u00e1 en el navegador. Esta cookie no incluye datos personales y simplemente indica el identificador de la entrada que el usuario acaba de editar. Expira al cabo de un d\u00eda.<\/p>\n<p><strong>Contenido incrustado de otros sitios web.<\/strong><br \/>\nLos art\u00edculos en esta p\u00e1gina web incluyen contenido incrustado (por ejemplo, v\u00eddeos, im\u00e1genes, art\u00edculos, etc.). El contenido incrustado desde otras p\u00e1ginas web se comporta exactamente de la misma manera como si el visitante estuviera visitando la otra p\u00e1gina web.<\/p>\n<p>Estas p\u00e1ginas web pueden recoger datos sobre el usuario, utilizar cookies, incrustar seguimiento adicional de terceros, y monitorizar la interacci\u00f3n con el contenido incrustado, incluyendo el trazado de la interacci\u00f3n con el contenido incrustado en el caso de tener una cuenta y haber iniciado sesi\u00f3n en esta p\u00e1gina web.<\/p>\n<h2>Qu\u00e9 derechos tienen los usuarios sobre sus datos<\/h2>\n<p>Las radios que dispongan de una cuenta en este sitio web pueden pedir el env\u00edo de un fichero de exportaci\u00f3n de sus datos personales, incluyendo todos los datos que nos hayan proporcionado. Tambi\u00e9n pueden pedir que borremos cualquier dato personal que tengamos. Esto no incluye los datos que estemos obligados a conservar con prop\u00f3sitos administrativos, legales o de seguridad.<\/p>\n<h2>Informaci\u00f3n de contacto<\/h2>\n<p>Pod\u00e9is contactar con nosotros en el correo <strong>info@xrcb.cat<\/strong><\/p>\n<p><strong>Contenidos y derechos de autor<\/strong><br \/>\n<strong>1.-<\/strong> La XRCB es un proyecto no comercial y su objetivo es exclusivamente crear una red de relaciones y visibilizaci\u00f3n entre radios.<\/p>\n<p><strong>2.-<\/strong> La XRCB promueve la creaci\u00f3n de contenidos con licencias <strong>Creative Commons<\/strong> y <strong>Copyleft.<\/strong><\/p>\n<p><strong>3.-<\/strong> La XRCB no se hace responsable de los contenidos aportados por las radios usuarias de la plataforma. Si estos contenidos est\u00e1n sujetos a copyright, en ning\u00fan caso ser\u00e1n utilizados por la XRCB con finalidades comerciales.<\/p>\n<p>Asimismo, la XRCB no se hace responsable de las ideas y opiniones expresadas por los creadores de los diferentes programas que est\u00e1n alojados en la plataforma.<\/p>\n<p><strong>4.-<\/strong> Cada radio es responsable de los derechos de autor por los contenidos emitidos desde el perfil de su radio, es decir, de los archivos de audio alojados en la plataforma de la XRCB. Los contenidos protegidos con licencias copyright se utilizar\u00e1n exclusivamente dentro del marco del programa Cultura Viva que dar\u00e1 cobertura dentro de su contracto con la sociedad de autores y editores.<\/p>\n<p><strong>5.-<\/strong> Cada radio es responsable de la gesti\u00f3n de los contenidos protegidos por derechos de autor en sus respectivas plataformas y sitios web.<\/p>\n","protected":false},"excerpt":{"rendered":"<p>Quienes somos Desde el 2010, la\u00a0asociaci\u00f3n para\u00a0 la Expansi\u00f3n de la Xarxa Oberta (eXO) aglutina colectivos, entidades, empresas y personas con el objetivo de promover las redes de telecomunicaciones abiertas, libres y neutrales, el fomento del conocimiento de las tecnolog\u00edas de la comunicaci\u00f3n y la informaci\u00f3n, as\u00ed como la promoci\u00f3n de comunidades de usuarios y [&hellip;]<\/p>\n","protected":false},"author":12,"featured_media":0,"parent":0,"menu_order":0,"comment_status":"closed","ping_status":"closed","template":"","meta":{"_acf_changed":false,"footnotes":""},"class_list":["post-767","page","type-page","status-publish","hentry"],"acf":[],"_links":{"self":[{"href":"https:\/\/xrclab.cat\/es\/wp-json\/wp\/v2\/pages\/767","targetHints":{"allow":["GET"]}}],"collection":[{"href":"https:\/\/xrclab.cat\/es\/wp-json\/wp\/v2\/pages"}],"about":[{"href":"https:\/\/xrclab.cat\/es\/wp-json\/wp\/v2\/types\/page"}],"author":[{"embeddable":true,"href":"https:\/\/xrclab.cat\/es\/wp-json\/wp\/v2\/users\/12"}],"replies":[{"embeddable":true,"href":"https:\/\/xrclab.cat\/es\/wp-json\/wp\/v2\/comments?post=767"}],"version-history":[{"count":24,"href":"https:\/\/xrclab.cat\/es\/wp-json\/wp\/v2\/pages\/767\/revisions"}],"predecessor-version":[{"id":5031,"href":"https:\/\/xrclab.cat\/es\/wp-json\/wp\/v2\/pages\/767\/revisions\/5031"}],"wp:attachment":[{"href":"https:\/\/xrclab.cat\/es\/wp-json\/wp\/v2\/media?parent=767"}],"curies":[{"name":"wp","href":"https:\/\/api.w.org\/{rel}","templated":true}]}}