{"id":2963,"date":"2019-05-29T08:58:08","date_gmt":"2019-05-29T07:58:08","guid":{"rendered":"https:\/\/xrcb.cat\/es\/?page_id=2963"},"modified":"2020-07-25T14:00:51","modified_gmt":"2020-07-25T13:00:51","slug":"buenas-practicas","status":"publish","type":"page","link":"https:\/\/xrclab.cat\/es\/buenas-practicas\/","title":{"rendered":"buenas pr\u00e1cticas"},"content":{"rendered":"<p><em>Barcelona a 1 de enero de 2018<\/em>.<\/p>\n<p><strong>C\u00f3digo de buenas pr\u00e1cticas<\/strong><\/p>\n<p>Este es un documento no jur\u00eddico propuesto por la coordinaci\u00f3n del proyecto de la Xarxa de R\u00e0dios Comunit\u00e0ries de Barcelona (XRCB) para regular la relaci\u00f3n entre los distintos proyectos que la integran y la misma estructura de coordinaci\u00f3n de la XRCB. <\/p>\n<p>Es un borrador provisional que se propone trabajar con el conjunto de proyectos incluidos en la XRCB y que debe concluir en un texto definitivo que regule las normas de convivencia de la XRCB. <\/p>\n<p>Hasta que la Asamblea de la XRCB no apruebe el convenio definitivo, este c\u00f3digo de buenas pr\u00e1cticas debe ser respetado por todos los proyectos participantes y se debe declarar su aceptaci\u00f3n mediante declaraci\u00f3n de conformidad que puede hacerse constar a trav\u00e9s de cualquier documento escrito remitido a la coordinaci\u00f3n de la XRCB. <\/p>\n<p>Antecedentes, marco de actuaci\u00f3n y siguientes pasos para la formulaci\u00f3n del convenio definitivo<br \/>\nLa XRCB define aqu\u00ed las buenas pr\u00e1cticas en cuanto a la participaci\u00f3n del proyecto por parte de las radios invitadas a la plataforma (estado BETA).<\/p>\n<p>1.- Las radios que aparecen en el mapa son candidatas a formar parte de la red de forma estable. Ahora mismo la plataforma se encuentra en versi\u00f3n BETA (de prueba).<\/p>\n<p>2.- Las radios pasar\u00e1n a formar parte de forma estable de la XRCB cuando firmen el Convenio de Convivencia con Cultura Viva. Este proceso comenzar\u00e1 en septiembre de 2019.<\/p>\n<p>3.- El Convenio de Convivencia definir\u00e1 los derechos y obligaciones de las radios participantes.<\/p>\n<p>4.- El objetivo de la fase BETA es probar errores en la plataforma y ayudar a definir las obligaciones de las radios.<\/p>\n<p>5.- La XRCB es exclusivamente una plataforma de relaci\u00f3n, conexi\u00f3n, soporte y promoci\u00f3n entre y por las radios. Las radios no est\u00e1n obligadas a colaborar con otras radios-proyectos solo por el hecho de ser parte de la XRCB.<\/p>\n<p>6.- La colaboraci\u00f3n entre radios y la XRCB siempre ser\u00e1 una relaci\u00f3n entre iguales y en com\u00fan acuerdo, aunque la responsabilidad \u00faltima de la din\u00e1mica de la XRCB es de la estructura de coordinaci\u00f3n.<\/p>\n<p>7.- En relaci\u00f3n a los derechos autorales y contenidos aportados por las radios a la XRCB nos remitimos a las normas asentadas en las \u201cPol\u00edticas de privacidad\u201d explicadas en la web www.xrcb.cat.<br \/>\nPrincipios de actuaci\u00f3n de la Xarxa de Radios Comunitarias de Barcelona y sus integrantes<\/p>\n<p>La XRCB es un proyecto cultural de ra\u00edz comunitaria que defiende valores de convivencia, respeto a las diversidades, transparencia y procesos horizontales en la toma de decisiones. <\/p>\n<p>Como parte del programa Cultura Viva del ICUB la XRCB defiende la cultura como bien com\u00fan, como cultura cooperativa y como innovaci\u00f3n ciudadana. <\/p>\n<p>La XRCB construye una visibilizaci\u00f3n de radios comunitarias. Una radio comunitaria es un medio de comunicaci\u00f3n radiof\u00f3nico articulado por comunidades nativas del territorio. Los protocolos de operaci\u00f3n de las radios comunitarias se basan en la cooperaci\u00f3n entre los participantes en com\u00fan acuerdo.<\/p>\n<p><strong>Pr\u00e1cticas o comportamientos no permitidos en la XRCB<\/strong>: <\/p>\n<p>1.- Insultos, difamaciones o faltas de respeto a otras radios o proyectos de la XRCB o, en general, a cualquier otra persona e instituci\u00f3n. <\/p>\n<p>2.- Actitudes de falta de respeto, violentas, de intolerancia, as\u00ed como la promoci\u00f3n de discursos o actitudes racistas, xen\u00f3fobas, machistas, hom\u00f3fobas o cualquier otra forma de discriminaci\u00f3n por raz\u00f3n de raza, sexo, orientaci\u00f3n sexual, idioma, religi\u00f3n u opini\u00f3n pol\u00edtica.<\/p>\n<p>3.- Cualquier actitud que boicotee, obstaculice o dificulte el buen funcionamiento de la comunidad y sus actividades sea de forma directa o indirecta, f\u00edsica o virtualmente (redes sociales, correo electr\u00f3nico, mensajer\u00eda).<\/p>\n<p>4.- Cualquier actuaci\u00f3n que vaya en contra de las decisiones tomadas en asamblea y que manifiesta de forma clara su voluntad de ir en contra de estas decisiones.<\/p>\n<p>Adem\u00e1s, se debe mantener el compromiso con los criterios de valoraci\u00f3n de proyectos para integrarse en la XRCB publicados en la convocatoria de R\u00e0dio Fabra mientras dure la relaci\u00f3n con la XRCB. En el caso de no ser respetados, el proyecto o radio en cuesti\u00f3n dejar\u00e1 de ser parte de la red.<\/p>\n<p>El proyecto o colectivo que no contemple este c\u00f3digo de buenas pr\u00e1cticas dejar\u00e1 de ser parte de la red, cosa que implicar\u00eda dejar de estar incluido en su plataforma de radiodifusi\u00f3n, los canales de comunicaci\u00f3n internos y los \u00f3rganos de participaci\u00f3n y decisi\u00f3n colectivos.<br \/>\nLa decisi\u00f3n de expulsi\u00f3n se comunicar\u00e1 a trav\u00e9s de los medios propios de la misma.<br \/>\nPara deliberar en caso de conflicto y al ser la XRCB un proyecto p\u00fablico-comunitario a partes iguales, se crear\u00e1 una mesa de trabajo con participaci\u00f3n sim\u00e9trica de Cultura Viva y Exo.cat (50%\/ 50%) que dictaminar\u00e1 una resoluci\u00f3n consensuada.<\/p>\n<p>La Exo.cat se reserva el derecho de designar radios miembros de la XRCB como interlocutores v\u00e1lidos para el desempate de alguna decisi\u00f3n.<\/p>\n","protected":false},"excerpt":{"rendered":"<p>Barcelona a 1 de enero de 2018. C\u00f3digo de buenas pr\u00e1cticas Este es un documento no jur\u00eddico propuesto por la coordinaci\u00f3n del proyecto de la Xarxa de R\u00e0dios Comunit\u00e0ries de Barcelona (XRCB) para regular la relaci\u00f3n entre los distintos proyectos que la integran y la misma estructura de coordinaci\u00f3n de la XRCB. Es un borrador [&hellip;]<\/p>\n","protected":false},"author":12,"featured_media":0,"parent":0,"menu_order":0,"comment_status":"closed","ping_status":"closed","template":"","meta":{"_acf_changed":false,"footnotes":""},"class_list":["post-2963","page","type-page","status-publish","hentry"],"acf":[],"_links":{"self":[{"href":"https:\/\/xrclab.cat\/es\/wp-json\/wp\/v2\/pages\/2963","targetHints":{"allow":["GET"]}}],"collection":[{"href":"https:\/\/xrclab.cat\/es\/wp-json\/wp\/v2\/pages"}],"about":[{"href":"https:\/\/xrclab.cat\/es\/wp-json\/wp\/v2\/types\/page"}],"author":[{"embeddable":true,"href":"https:\/\/xrclab.cat\/es\/wp-json\/wp\/v2\/users\/12"}],"replies":[{"embeddable":true,"href":"https:\/\/xrclab.cat\/es\/wp-json\/wp\/v2\/comments?post=2963"}],"version-history":[{"count":44,"href":"https:\/\/xrclab.cat\/es\/wp-json\/wp\/v2\/pages\/2963\/revisions"}],"predecessor-version":[{"id":5027,"href":"https:\/\/xrclab.cat\/es\/wp-json\/wp\/v2\/pages\/2963\/revisions\/5027"}],"wp:attachment":[{"href":"https:\/\/xrclab.cat\/es\/wp-json\/wp\/v2\/media?parent=2963"}],"curies":[{"name":"wp","href":"https:\/\/api.w.org\/{rel}","templated":true}]}}