{"id":767,"date":"2018-09-21T15:38:49","date_gmt":"2018-09-21T14:38:49","guid":{"rendered":"https:\/\/xrcb.cat\/ca\/?page_id=767"},"modified":"2020-07-26T20:26:01","modified_gmt":"2020-07-26T19:26:01","slug":"politica-de-privadesa","status":"publish","type":"page","link":"https:\/\/xrclab.cat\/ca\/politica-de-privadesa\/","title":{"rendered":"Pol\u00edtica de privadesa"},"content":{"rendered":"<h2>Qui som<\/h2>\n<p>Des del 2010, l\u2019<strong>associaci\u00f3 per a l\u2019Expansi\u00f3 de la Xarxa Oberta (eXO)<\/strong> aglutina col\u00b7lectius, entitats, empreses i persones amb l\u2019objectiu de promoure les xarxes de telecomunicacions obertes, lliures i neutrals, el foment del coneixement de les tecnologies de la comunicaci\u00f3 i la informaci\u00f3, aix\u00ed com la promoci\u00f3 de comunitats d\u2019usuaris i usu\u00e0ries solid\u00e0ries sobre una base territorial i ve\u00efnal.<\/p>\n<p>L\u2019associaci\u00f3 eXO est\u00e0 profundament vinculada al projecte <a href=\"http:\/\/www.guifi.net\">Guifi.net<\/a> i es regeix pels mateixos principis que aquest. Tamb\u00e9 col\u00b7labora amb la Fundaci\u00f3 per la Xarxa Oberta, Lliure i Neutral Guifi.Net.<\/p>\n<p><strong>L\u2019associaci\u00f3 eXO est\u00e0 legalment inscrita al\u00a0Registre d\u2019Associacions de la Generalitat de Catalunya, Barcelona, Secci\u00f3 1a, N\u00fam 42364 i al Registre d\u2019Operadors de Telecomunicacons sota l\u2019expedient 2011\/1440<\/strong><\/p>\n<p>M\u00e9s informaci\u00f3: <strong>https:\/\/xrcb.cat.<\/strong><\/p>\n<h2>Quines dades personals recollim i per qu\u00e8<\/h2>\n<p><strong>Dades de les r\u00e0dios donades d&#8217;alta<\/strong><br \/>\nPer a les r\u00e0dios registrades a la web emmagatzemem la informaci\u00f3 personal que proporcionen al seu perfil d&#8217;usuari. Tots els usuaris poden veure, editar o suprimir la seva informaci\u00f3 en qualsevol moment (excepte que no poden canviar el seu nom d&#8217;usuari). Els administradors del lloc web poden tamb\u00e9 editar aquesta informaci\u00f3.<\/p>\n<p><strong>M\u00e8dia<\/strong><br \/>\nSi pugeu imatges al lloc web, heu d&#8217;evitar pujar imatges que incloguin dades de geolocalitzaci\u00f3 (EXIF GPS) incrustades. Els visitants del lloc web poden descarregar i extreure qualsevol informaci\u00f3 de les imatges de la web.<\/p>\n<p><strong>Galetes<\/strong><br \/>\nQuan una r\u00e0dio usuaria\u00a0 inicia sessi\u00f3 es configuraran diverses galetes per desar la informaci\u00f3 d&#8217;inici de sessi\u00f3 i les opcions de visualitzaci\u00f3 de la pantalla. Les galetes d&#8217;inici de sessi\u00f3 duren dos dies, i les galetes de les opcions de pantalla duren un any. Si seleccioneu &#8220;Recordeu-me&#8221;, l&#8217;inici de sessi\u00f3 persistir\u00e0 durant dues setmanes. Si finalitzeu la sessi\u00f3, les galetes d&#8217;inici de sessi\u00f3 seran suprimides.<\/p>\n<p>Al donar d&#8217;alta una r\u00e0dio o publiqueu un podcast, una galeta addicional es desar\u00e0 al navegador. Aquesta galeta no inclou dades personals i simplement indica l&#8217;identificador de l&#8217;entrada que acabeu d&#8217;editar. Expira despr\u00e9s d&#8217;1 dia.<\/p>\n<p><strong>Contingut incrustat d&#8217;altres llocs web<\/strong><br \/>\nEls articles en aquesta p\u00e0gina web inclouen contingut incrustat (per exemple, v\u00eddeos, imatges, articles, etc.). El contingut incrustat des d&#8217;altres p\u00e0gines web es comporta exactament de la mateixa manera com si el visitant estigu\u00e9s visitant l&#8217;altra p\u00e0gina web.<\/p>\n<p>Aquestes p\u00e0gines web poden recollir dades sobre l&#8217;usuari, fer servir galetes, incrustar seguiment addicional de terceres parts, i monitorar la interacci\u00f3 amb el contingut incrustat, incloent-hi la tra\u00e7a de la interacci\u00f3 amb el contingut incrustat si teniu un compte i heu iniciat sessi\u00f3 en aquesta p\u00e0gina web.<\/p>\n<h2>Quins drets teniu sobre les vostres dades<\/h2>\n<p>Les r\u00e0dios que disposen d&#8217;un compte en aquest lloc web poden demanar que els enviem un fitxer d&#8217;exportaci\u00f3 de les seves dades personals, incloent-hi totes les dades que ens h\u00e0gin proporcionat. Tamb\u00e9 poden demanar que esborrem qualsevol dada personal que tinguem. Aix\u00f2 no inclou les dades que estiguem obligats a conservar amb prop\u00f2sits administratius, legals o de seguretat.<\/p>\n<h2>Informaci\u00f3 de contacte<\/h2>\n<p>Podeu contactar amb nosaltres al correu <strong>info@xrcb.cat<\/strong><\/p>\n<p><strong>Continguts i drets d&#8217;autor<\/strong><br \/>\n<strong>1.-<\/strong> La XRCB \u00e9s un projecte no comercial i el seu objectiu \u00e9s exclusivament crear una xarxa de relacions i visibilitzaci\u00f3 entre r\u00e0dios.<\/p>\n<p><strong>2.-<\/strong> La XRCB promou la creaci\u00f3 de continguts amb llic\u00e8ncies <strong>Creative Commons<\/strong> i <strong>Copyleft.<\/strong><\/p>\n<p><strong>3.-<\/strong> La XRCB no es fa responsable dels continguts aportats per les r\u00e0dios usu\u00e0ries de la plataforma. Si aquests continguts estan subjectes a copyright, en cap cas seran utilitzats per la XRCB amb finalitats comercials. Tanmateix, la XRCB no es fa responsable de les idees i opinions expressades pels creadors dels diferents programes que estan allotjats a la plataforma.<\/p>\n<p><strong>4.-<\/strong> Cada r\u00e0dio \u00e9s responsable dels drets d&#8217;autor pels continguts emesos des del perfil de la seva r\u00e0dio, \u00e9s a dir, dels arxius d&#8217;\u00e0udio allotjats en la plataforma de la XRCB. Els continguts protegits amb llic\u00e8ncies copyright s&#8217;utilitzaran exclusivament dins del marc del programa Cultura Viva que donar\u00e0 cobertura dins del seu contracte amb la societat d&#8217;autors i editors.<\/p>\n<p><strong>5.-<\/strong> Cada r\u00e0dio \u00e9s responsable de la gesti\u00f3 dels continguts protegits per drets d&#8217;autor en les seves respectives plataformes i llocs web.<\/p>\n","protected":false},"excerpt":{"rendered":"<p>Qui som Des del 2010, l\u2019associaci\u00f3 per a l\u2019Expansi\u00f3 de la Xarxa Oberta (eXO) aglutina col\u00b7lectius, entitats, empreses i persones amb l\u2019objectiu de promoure les xarxes de telecomunicacions obertes, lliures i neutrals, el foment del coneixement de les tecnologies de la comunicaci\u00f3 i la informaci\u00f3, aix\u00ed com la promoci\u00f3 de comunitats d\u2019usuaris i usu\u00e0ries solid\u00e0ries [&hellip;]<\/p>\n","protected":false},"author":12,"featured_media":0,"parent":0,"menu_order":0,"comment_status":"closed","ping_status":"closed","template":"","meta":{"_acf_changed":false,"footnotes":""},"class_list":["post-767","page","type-page","status-publish","hentry"],"acf":[],"_links":{"self":[{"href":"https:\/\/xrclab.cat\/ca\/wp-json\/wp\/v2\/pages\/767","targetHints":{"allow":["GET"]}}],"collection":[{"href":"https:\/\/xrclab.cat\/ca\/wp-json\/wp\/v2\/pages"}],"about":[{"href":"https:\/\/xrclab.cat\/ca\/wp-json\/wp\/v2\/types\/page"}],"author":[{"embeddable":true,"href":"https:\/\/xrclab.cat\/ca\/wp-json\/wp\/v2\/users\/12"}],"replies":[{"embeddable":true,"href":"https:\/\/xrclab.cat\/ca\/wp-json\/wp\/v2\/comments?post=767"}],"version-history":[{"count":24,"href":"https:\/\/xrclab.cat\/ca\/wp-json\/wp\/v2\/pages\/767\/revisions"}],"predecessor-version":[{"id":5031,"href":"https:\/\/xrclab.cat\/ca\/wp-json\/wp\/v2\/pages\/767\/revisions\/5031"}],"wp:attachment":[{"href":"https:\/\/xrclab.cat\/ca\/wp-json\/wp\/v2\/media?parent=767"}],"curies":[{"name":"wp","href":"https:\/\/api.w.org\/{rel}","templated":true}]}}