{"id":650,"date":"2018-09-11T15:32:28","date_gmt":"2018-09-11T14:32:28","guid":{"rendered":"https:\/\/xrcb.cat\/ca\/?page_id=650"},"modified":"2019-10-02T15:40:48","modified_gmt":"2019-10-02T14:40:48","slug":"recursos","status":"publish","type":"page","link":"https:\/\/xrclab.cat\/ca\/recursos\/","title":{"rendered":"recursos"},"content":{"rendered":"<p>Aqu\u00ed trobareu recursos \u00fatils per fer programes de r\u00e0dio. D&#8217;una banda podreu descarregar sinton\u00edes, can\u00e7ons i efectes de so, i d&#8217;altra banda aquesta secci\u00f3 tamb\u00e9 recull tutorials, documentaci\u00f3, software i altres recursos.<\/p>\n<p>Tots els continguts d&#8217;\u00e0udio tenen una llic\u00e8ncia Creative Commons <a href=\"https:\/\/creativecommons.org\/licenses\/by-sa\/3.0\/es\/deed.ca\">Reconeixement-CompartirIgual 3.0 Espanya (CC BY-SA 3.0 ES)<\/a><\/p>\n","protected":false},"excerpt":{"rendered":"<p>Aqu\u00ed trobareu recursos \u00fatils per fer programes de r\u00e0dio. D&#8217;una banda podreu descarregar sinton\u00edes, can\u00e7ons i efectes de so, i d&#8217;altra banda aquesta secci\u00f3 tamb\u00e9 recull tutorials, documentaci\u00f3, software i altres recursos. Tots els continguts d&#8217;\u00e0udio tenen una llic\u00e8ncia Creative Commons Reconeixement-CompartirIgual 3.0 Espanya (CC BY-SA 3.0 ES)<\/p>\n","protected":false},"author":12,"featured_media":0,"parent":0,"menu_order":0,"comment_status":"closed","ping_status":"closed","template":"resources-datatable-template.php","meta":{"_acf_changed":false,"footnotes":""},"class_list":["post-650","page","type-page","status-publish","hentry"],"acf":[],"_links":{"self":[{"href":"https:\/\/xrclab.cat\/ca\/wp-json\/wp\/v2\/pages\/650","targetHints":{"allow":["GET"]}}],"collection":[{"href":"https:\/\/xrclab.cat\/ca\/wp-json\/wp\/v2\/pages"}],"about":[{"href":"https:\/\/xrclab.cat\/ca\/wp-json\/wp\/v2\/types\/page"}],"author":[{"embeddable":true,"href":"https:\/\/xrclab.cat\/ca\/wp-json\/wp\/v2\/users\/12"}],"replies":[{"embeddable":true,"href":"https:\/\/xrclab.cat\/ca\/wp-json\/wp\/v2\/comments?post=650"}],"version-history":[{"count":22,"href":"https:\/\/xrclab.cat\/ca\/wp-json\/wp\/v2\/pages\/650\/revisions"}],"predecessor-version":[{"id":3632,"href":"https:\/\/xrclab.cat\/ca\/wp-json\/wp\/v2\/pages\/650\/revisions\/3632"}],"wp:attachment":[{"href":"https:\/\/xrclab.cat\/ca\/wp-json\/wp\/v2\/media?parent=650"}],"curies":[{"name":"wp","href":"https:\/\/api.w.org\/{rel}","templated":true}]}}