{"id":2963,"date":"2019-05-29T08:58:08","date_gmt":"2019-05-29T07:58:08","guid":{"rendered":"https:\/\/xrcb.cat\/es\/?page_id=2963"},"modified":"2020-07-25T14:00:51","modified_gmt":"2020-07-25T13:00:51","slug":"buenas-practicas","status":"publish","type":"page","link":"https:\/\/xrclab.cat\/ca\/buenas-practicas\/","title":{"rendered":"bones pr\u00e0ctiques"},"content":{"rendered":"<p><em>Barcelona a 1 de gener de 2018<\/em><br \/>\n<strong>Codi de bones pr\u00e0ctiques<\/strong><\/p>\n<p>Aquest \u00e9s un document no jur\u00eddic proposat per la coordinaci\u00f3 del projecte de la Xarxa de R\u00e0dios Comunit\u00e0ries de Barcelona (XRCB) per a regular la relaci\u00f3 entre els diferents projectes que la integren i la mateixa estructura de coordinaci\u00f3 de la XRCB.<br \/>\n\u00c9s un esborrany provisional que es proposa treballar amb el conjunt de projectes inclosos a la XRCB que ha de concloure en un text definitiu que reguli les normes de conviv\u00e8ncia de la mateixa.<br \/>\nFins que l&#8217;Assemblea de la XRCB no aprovi el conveni definitiu, aquest codi de bones pr\u00e0ctiques ha de ser respectat per tots els projectes participants i s&#8217;ha de declarar la seva acceptaci\u00f3 mitjan\u00e7ant declaraci\u00f3 de conformitat que pot fer-se constar a trav\u00e9s de qualsevol document escrit rem\u00e8s a la coordinaci\u00f3 de la XRCB.<\/p>\n<p>Antecedents, marc d&#8217;actuaci\u00f3 i seg\u00fcents passos per a la formulaci\u00f3 del conveni definitiu:<\/p>\n<p>La XRCB defineix aqu\u00ed les bones pr\u00e0ctiques pel que fa a la participaci\u00f3 del projecte per part de les r\u00e0dios convidades a la plataforma (estat BETA).<\/p>\n<p>1.- Les r\u00e0dios que apareixen en el mapa s\u00f3n candidates a formar part de la xarxa de forma estable. Ara mateix la plataforma es troba en versi\u00f3 BETA (de prova).<\/p>\n<p>2.- Les r\u00e0dios passaran a formar part de forma estable de la XRCB quan signin el Conveni de Conviv\u00e8ncia amb Cultura Viva. Aquest proc\u00e9s comen\u00e7ar\u00e0 al setembre de 2019.<\/p>\n<p>3.- El Conveni de Conviv\u00e8ncia definir\u00e0 els drets i obligacions de les r\u00e0dios participants.<\/p>\n<p>4.- L&#8217;objectiu de la fase BETA \u00e9s provar errors en la plataforma i ajudar a definir les obligacions de les r\u00e0dios.<\/p>\n<p>5.- La XRCB \u00e9s exclusivament una plataforma de relaci\u00f3, connexi\u00f3, suport i promoci\u00f3 entre i per les r\u00e0dios. Les r\u00e0dios no estan obligades a col\u00b7laborar amb altres r\u00e0dios-projectes sol pel fet de formar part de la XRCB.<\/p>\n<p>6.- La col\u00b7laboraci\u00f3 entre radios i la XRCB sempre ser\u00e0 una relaci\u00f3 entre iguals i de com\u00fa acord, encara que la responsabilitat \u00faltima de la din\u00e0mica de la XRCB \u00e9s de l&#8217;estructura de coordinaci\u00f3.<\/p>\n<p>7.- En relaci\u00f3 als drets d\u2019autoria i continguts aportats per les r\u00e0dios a la XRCB ens remetem a les normes assentades en les \u201cPol\u00edtiques de privacitat\u201d explicades en el web www.xrcb.cat.<\/p>\n<p><strong>Principis d&#8217;actuaci\u00f3 de la Xarxa de R\u00e0dios Comunit\u00e0ries de Barcelona i els seus integrants.<\/strong><\/p>\n<p>La XRCB \u00e9s un projecte cultural d&#8217;arrel comunit\u00e0ria que defensa valors de conviv\u00e8ncia, respecte a les diversitats, transpar\u00e8ncia i processos horitzontals en la presa de decisions.<br \/>\nCom a part del programa Cultura Viva del ICUB, la XRCB defensa la cultura com b\u00e9 com\u00fa, com a cultura cooperativa i com a innovaci\u00f3 ciutadana.<br \/>\nLa XRCB construeix una visibilitzaci\u00f3 de r\u00e0dios comunit\u00e0ries. Una r\u00e0dio comunit\u00e0ria \u00e9s un mitj\u00e0 de comunicaci\u00f3 radiof\u00f2nic articulat per comunitats natives del territori. Els protocols d&#8217;operaci\u00f3 de les r\u00e0dios comunit\u00e0ries es basen en la cooperaci\u00f3 entre els participants de com\u00fa acord.<\/p>\n<p><strong>Pr\u00e0ctiques o comportaments no permesos a la XRCB<\/strong>:<\/p>\n<p>1.- Insults, difamacions o faltes de respecte a altres r\u00e0dios o projectes de la XRCB o, en general, a qualsevol altra persona o instituci\u00f3. <\/p>\n<p>2.- Actituds de falta de respecte, violentes, d&#8217;intoler\u00e0ncia, aix\u00ed com la promoci\u00f3 de discursos o actituds racistes, xen\u00f2fobes, masclistes, hom\u00f2fobes o qualsevol altra forma de discriminaci\u00f3 per ra\u00f3 de ra\u00e7a, sexe, orientaci\u00f3 sexual, idioma, religi\u00f3 o opini\u00f3 pol\u00edtica.<\/p>\n<p>3.- Qualsevol actitud que boicotegi, obstaculitzi o dificulti el bon funcionament de la comunitat i les seves activitats sigui de forma directa o indirecta, f\u00edsica o virtualment (xarxes socials, correu electr\u00f2nic, missatgeria). <\/p>\n<p>4.- Qualsevol actuaci\u00f3 que vagi en contra de les decisions preses en l\u2019assemblea i que manifesta de forma clara la seva voluntat d&#8217;anar en contra d&#8217;aquestes decisions.<\/p>\n<p>A m\u00e9s, s&#8217;ha de mantenir el comprom\u00eds amb els criteris de valoraci\u00f3 de projectes per a integrar-se a la XRCB publicats en la convocat\u00f2ria de R\u00e0dio Fabra mentre duri la relaci\u00f3 amb la XRCB. En el cas de no ser respectats, el projecte o r\u00e0dio en q\u00fcesti\u00f3 deixar\u00e0 de formar part de la xarxa.<br \/>\nEl projecte o col\u00b7lectiu que no contempli aquest codi de bones pr\u00e0ctiques deixar\u00e0 de ser part de la xarxa, cosa que implicar\u00e0 deixar d&#8217;estar incl\u00f2s en la seva plataforma de radiodifusi\u00f3, els canals de comunicaci\u00f3 interns i els \u00f2rgans de participaci\u00f3 i decisi\u00f3 col\u00b7lectius.<br \/>\nLa decisi\u00f3 d&#8217;expulsi\u00f3 es comunicar\u00e0 a trav\u00e9s dels mitjans propis d&#8217;aquesta.<br \/>\nPer deliberar en cas de conflicte i al ser la XRCB un projecte p\u00fablic-comunitari a parts iguals, es crear\u00e0 una taula de treball amb participaci\u00f3 sim\u00e8trica de Cultura Viva i Exo.cat (50%\/ 50%) que dictaminar\u00e0 una resoluci\u00f3 consensuada.<\/p>\n<p>L&#8217;Exo.cat es reserva el dret a designar r\u00e0dios membres de la XRCB com a interlocutors v\u00e0lids per al desempat d&#8217;alguna decisi\u00f3.<\/p>\n","protected":false},"excerpt":{"rendered":"<p>Barcelona a 1 de gener de 2018 Codi de bones pr\u00e0ctiques Aquest \u00e9s un document no jur\u00eddic proposat per la coordinaci\u00f3 del projecte de la Xarxa de R\u00e0dios Comunit\u00e0ries de Barcelona (XRCB) per a regular la relaci\u00f3 entre els diferents projectes que la integren i la mateixa estructura de coordinaci\u00f3 de la XRCB. \u00c9s un [&hellip;]<\/p>\n","protected":false},"author":12,"featured_media":0,"parent":0,"menu_order":0,"comment_status":"closed","ping_status":"closed","template":"","meta":{"_acf_changed":false,"footnotes":""},"class_list":["post-2963","page","type-page","status-publish","hentry"],"acf":[],"_links":{"self":[{"href":"https:\/\/xrclab.cat\/ca\/wp-json\/wp\/v2\/pages\/2963","targetHints":{"allow":["GET"]}}],"collection":[{"href":"https:\/\/xrclab.cat\/ca\/wp-json\/wp\/v2\/pages"}],"about":[{"href":"https:\/\/xrclab.cat\/ca\/wp-json\/wp\/v2\/types\/page"}],"author":[{"embeddable":true,"href":"https:\/\/xrclab.cat\/ca\/wp-json\/wp\/v2\/users\/12"}],"replies":[{"embeddable":true,"href":"https:\/\/xrclab.cat\/ca\/wp-json\/wp\/v2\/comments?post=2963"}],"version-history":[{"count":44,"href":"https:\/\/xrclab.cat\/ca\/wp-json\/wp\/v2\/pages\/2963\/revisions"}],"predecessor-version":[{"id":5027,"href":"https:\/\/xrclab.cat\/ca\/wp-json\/wp\/v2\/pages\/2963\/revisions\/5027"}],"wp:attachment":[{"href":"https:\/\/xrclab.cat\/ca\/wp-json\/wp\/v2\/media?parent=2963"}],"curies":[{"name":"wp","href":"https:\/\/api.w.org\/{rel}","templated":true}]}}